{"id":1285,"date":"2025-12-26T12:11:09","date_gmt":"2025-12-26T09:11:09","guid":{"rendered":"http:\/\/reallinecert.com\/?page_id=1285"},"modified":"2025-12-26T12:11:09","modified_gmt":"2025-12-26T09:11:09","slug":"piknik-masasi","status":"publish","type":"page","link":"http:\/\/reallinecert.com\/index.php\/piknik-masasi\/","title":{"rendered":"P\u0130KN\u0130K MASASI"},"content":{"rendered":"\n<p>TS 4687 \/ Nisan 2013 Piknik Masas\u0131 <\/p>\n\n\n\n<p>RLC-BF-013_0_TS_4687_NISAN_2013_PIKNIK_MASASI BELGELEND\u0130RME F\u00d6Y\u00dc VE DAHA DETAYLI B\u0130LG\u0130 \u0130\u00c7\u0130N F\u0130RMAMIZLA \u0130RT\u0130BATA GE\u00c7EB\u0130L\u0130RS\u0130N\u0130Z<\/p>\n\n\n\n<p>Piknik Masas\u0131<\/p>\n\n\n\n<ul class=\"wp-block-list\">\n<li>Ah\u015fap \u0130skeletli<br>a) \u0130\u011fne yaprakl\u0131 (yumu\u015fak) a\u011fa\u00e7lardan imal edilen<br>b) Yaprakl\u0131 (sert) a\u011fa\u00e7lardan imal edilen<\/li>\n\n\n\n<li>Metal \u0130skeletli<\/li>\n<\/ul>\n\n\n\n<figure class=\"wp-block-image size-full is-resized\"><img loading=\"lazy\" decoding=\"async\" width=\"800\" height=\"800\" src=\"http:\/\/reallinecert.com\/wp-content\/uploads\/2025\/12\/image-1.png\" alt=\"\" class=\"wp-image-1286\" style=\"width:183px;height:auto\" srcset=\"http:\/\/reallinecert.com\/wp-content\/uploads\/2025\/12\/image-1.png 800w, http:\/\/reallinecert.com\/wp-content\/uploads\/2025\/12\/image-1-300x300.png 300w, http:\/\/reallinecert.com\/wp-content\/uploads\/2025\/12\/image-1-150x150.png 150w, http:\/\/reallinecert.com\/wp-content\/uploads\/2025\/12\/image-1-768x768.png 768w, http:\/\/reallinecert.com\/wp-content\/uploads\/2025\/12\/image-1-600x600.png 600w\" sizes=\"auto, (max-width: 800px) 100vw, 800px\" \/><\/figure>\n","protected":false},"excerpt":{"rendered":"<p>TS 4687 \/ Nisan 2013 Piknik Masas\u0131 RLC-BF-013_0_TS_4687_NISAN_2013_PIKNIK_MASASI BELGELEND\u0130RME F\u00d6Y\u00dc VE DAHA DETAYLI B\u0130LG\u0130 \u0130\u00c7\u0130N F\u0130RMAMIZLA \u0130RT\u0130BATA GE\u00c7EB\u0130L\u0130RS\u0130N\u0130Z Piknik Masas\u0131<\/p>\n","protected":false},"author":1,"featured_media":0,"parent":0,"menu_order":0,"comment_status":"closed","ping_status":"closed","template":"","meta":{"footnotes":""},"class_list":["post-1285","page","type-page","status-publish","hentry"],"_links":{"self":[{"href":"http:\/\/reallinecert.com\/index.php\/wp-json\/wp\/v2\/pages\/1285","targetHints":{"allow":["GET"]}}],"collection":[{"href":"http:\/\/reallinecert.com\/index.php\/wp-json\/wp\/v2\/pages"}],"about":[{"href":"http:\/\/reallinecert.com\/index.php\/wp-json\/wp\/v2\/types\/page"}],"author":[{"embeddable":true,"href":"http:\/\/reallinecert.com\/index.php\/wp-json\/wp\/v2\/users\/1"}],"replies":[{"embeddable":true,"href":"http:\/\/reallinecert.com\/index.php\/wp-json\/wp\/v2\/comments?post=1285"}],"version-history":[{"count":1,"href":"http:\/\/reallinecert.com\/index.php\/wp-json\/wp\/v2\/pages\/1285\/revisions"}],"predecessor-version":[{"id":1288,"href":"http:\/\/reallinecert.com\/index.php\/wp-json\/wp\/v2\/pages\/1285\/revisions\/1288"}],"wp:attachment":[{"href":"http:\/\/reallinecert.com\/index.php\/wp-json\/wp\/v2\/media?parent=1285"}],"curies":[{"name":"wp","href":"https:\/\/api.w.org\/{rel}","templated":true}]}}