{"id":1231,"date":"2025-10-21T16:13:53","date_gmt":"2025-10-21T13:13:53","guid":{"rendered":"http:\/\/reallinecert.com\/?page_id=1231"},"modified":"2026-01-11T00:10:05","modified_gmt":"2026-01-10T21:10:05","slug":"egitim","status":"publish","type":"page","link":"http:\/\/reallinecert.com\/index.php\/egitim\/","title":{"rendered":"E\u011fitim"},"content":{"rendered":"\n<p>Firmam\u0131z taraf\u0131ndan Macera Grubu, Yapay T\u0131rmanma, Havada As\u0131l\u0131 A\u011flar, D\u0131\u015f mek\u00e2n park oyuncaklar\u0131, D\u0131\u015f mekan kondisyon aletleri(TS EN 1176-1-2-3-4-5-6-11 seri standard\u0131, TS EN 16630, TS EN 1177, TS EN 15567-, TS EN 12572-1) standardlar\u0131 konular\u0131nda teorik ve uygulamal\u0131 e\u011fitimler verilmektedir.<\/p>\n\n\n\n<p>E\u011fitim almak isteyen kurum ve kurulu\u015flar firmam\u0131z ile irtibata ge\u00e7ebilirler<\/p>\n\n\n\n<figure class=\"wp-block-gallery has-nested-images columns-default is-cropped wp-block-gallery-1 is-layout-flex wp-block-gallery-is-layout-flex\">\n<figure class=\"wp-block-image size-large\"><img loading=\"lazy\" decoding=\"async\" width=\"1024\" height=\"576\" data-id=\"1408\" src=\"http:\/\/reallinecert.com\/wp-content\/uploads\/2026\/01\/20180406_110138-1024x576.jpg\" alt=\"\" class=\"wp-image-1408\" srcset=\"http:\/\/reallinecert.com\/wp-content\/uploads\/2026\/01\/20180406_110138-1024x576.jpg 1024w, http:\/\/reallinecert.com\/wp-content\/uploads\/2026\/01\/20180406_110138-300x169.jpg 300w, http:\/\/reallinecert.com\/wp-content\/uploads\/2026\/01\/20180406_110138-768x432.jpg 768w, http:\/\/reallinecert.com\/wp-content\/uploads\/2026\/01\/20180406_110138-1536x864.jpg 1536w, http:\/\/reallinecert.com\/wp-content\/uploads\/2026\/01\/20180406_110138-2048x1152.jpg 2048w, http:\/\/reallinecert.com\/wp-content\/uploads\/2026\/01\/20180406_110138-600x338.jpg 600w\" sizes=\"auto, (max-width: 1024px) 100vw, 1024px\" \/><\/figure>\n\n\n\n<figure class=\"wp-block-image size-large\"><img loading=\"lazy\" decoding=\"async\" width=\"576\" height=\"1024\" data-id=\"1412\" src=\"http:\/\/reallinecert.com\/wp-content\/uploads\/2026\/01\/20180406_110949-576x1024.jpg\" alt=\"\" class=\"wp-image-1412\" srcset=\"http:\/\/reallinecert.com\/wp-content\/uploads\/2026\/01\/20180406_110949-576x1024.jpg 576w, http:\/\/reallinecert.com\/wp-content\/uploads\/2026\/01\/20180406_110949-169x300.jpg 169w, http:\/\/reallinecert.com\/wp-content\/uploads\/2026\/01\/20180406_110949-768x1365.jpg 768w, http:\/\/reallinecert.com\/wp-content\/uploads\/2026\/01\/20180406_110949-864x1536.jpg 864w, http:\/\/reallinecert.com\/wp-content\/uploads\/2026\/01\/20180406_110949-1152x2048.jpg 1152w, http:\/\/reallinecert.com\/wp-content\/uploads\/2026\/01\/20180406_110949-600x1067.jpg 600w, http:\/\/reallinecert.com\/wp-content\/uploads\/2026\/01\/20180406_110949-scaled.jpg 1440w\" sizes=\"auto, (max-width: 576px) 100vw, 576px\" \/><\/figure>\n\n\n\n<figure class=\"wp-block-image size-large\"><img loading=\"lazy\" decoding=\"async\" width=\"576\" height=\"1024\" data-id=\"1409\" src=\"http:\/\/reallinecert.com\/wp-content\/uploads\/2026\/01\/20180406_111008-576x1024.jpg\" alt=\"\" class=\"wp-image-1409\" srcset=\"http:\/\/reallinecert.com\/wp-content\/uploads\/2026\/01\/20180406_111008-576x1024.jpg 576w, http:\/\/reallinecert.com\/wp-content\/uploads\/2026\/01\/20180406_111008-169x300.jpg 169w, http:\/\/reallinecert.com\/wp-content\/uploads\/2026\/01\/20180406_111008-768x1365.jpg 768w, http:\/\/reallinecert.com\/wp-content\/uploads\/2026\/01\/20180406_111008-864x1536.jpg 864w, http:\/\/reallinecert.com\/wp-content\/uploads\/2026\/01\/20180406_111008-1152x2048.jpg 1152w, http:\/\/reallinecert.com\/wp-content\/uploads\/2026\/01\/20180406_111008-600x1067.jpg 600w, http:\/\/reallinecert.com\/wp-content\/uploads\/2026\/01\/20180406_111008-scaled.jpg 1440w\" sizes=\"auto, (max-width: 576px) 100vw, 576px\" \/><\/figure>\n\n\n\n<figure class=\"wp-block-image size-large\"><img loading=\"lazy\" decoding=\"async\" width=\"576\" height=\"1024\" data-id=\"1411\" src=\"http:\/\/reallinecert.com\/wp-content\/uploads\/2026\/01\/20180406_111216-576x1024.jpg\" alt=\"\" class=\"wp-image-1411\" srcset=\"http:\/\/reallinecert.com\/wp-content\/uploads\/2026\/01\/20180406_111216-576x1024.jpg 576w, http:\/\/reallinecert.com\/wp-content\/uploads\/2026\/01\/20180406_111216-169x300.jpg 169w, http:\/\/reallinecert.com\/wp-content\/uploads\/2026\/01\/20180406_111216-768x1365.jpg 768w, http:\/\/reallinecert.com\/wp-content\/uploads\/2026\/01\/20180406_111216-864x1536.jpg 864w, http:\/\/reallinecert.com\/wp-content\/uploads\/2026\/01\/20180406_111216-1152x2048.jpg 1152w, http:\/\/reallinecert.com\/wp-content\/uploads\/2026\/01\/20180406_111216-600x1067.jpg 600w, http:\/\/reallinecert.com\/wp-content\/uploads\/2026\/01\/20180406_111216-scaled.jpg 1440w\" sizes=\"auto, (max-width: 576px) 100vw, 576px\" \/><\/figure>\n\n\n\n<figure class=\"wp-block-image size-large\"><img loading=\"lazy\" decoding=\"async\" width=\"576\" height=\"1024\" data-id=\"1410\" src=\"http:\/\/reallinecert.com\/wp-content\/uploads\/2026\/01\/20180406_111242-576x1024.jpg\" alt=\"\" class=\"wp-image-1410\" srcset=\"http:\/\/reallinecert.com\/wp-content\/uploads\/2026\/01\/20180406_111242-576x1024.jpg 576w, http:\/\/reallinecert.com\/wp-content\/uploads\/2026\/01\/20180406_111242-169x300.jpg 169w, http:\/\/reallinecert.com\/wp-content\/uploads\/2026\/01\/20180406_111242-768x1365.jpg 768w, http:\/\/reallinecert.com\/wp-content\/uploads\/2026\/01\/20180406_111242-864x1536.jpg 864w, http:\/\/reallinecert.com\/wp-content\/uploads\/2026\/01\/20180406_111242-1152x2048.jpg 1152w, http:\/\/reallinecert.com\/wp-content\/uploads\/2026\/01\/20180406_111242-600x1067.jpg 600w, http:\/\/reallinecert.com\/wp-content\/uploads\/2026\/01\/20180406_111242-scaled.jpg 1440w\" sizes=\"auto, (max-width: 576px) 100vw, 576px\" \/><\/figure>\n\n\n\n<figure class=\"wp-block-image size-large\"><img loading=\"lazy\" decoding=\"async\" width=\"576\" height=\"1024\" data-id=\"1413\" src=\"http:\/\/reallinecert.com\/wp-content\/uploads\/2026\/01\/20180406_111253-576x1024.jpg\" alt=\"\" class=\"wp-image-1413\" srcset=\"http:\/\/reallinecert.com\/wp-content\/uploads\/2026\/01\/20180406_111253-576x1024.jpg 576w, http:\/\/reallinecert.com\/wp-content\/uploads\/2026\/01\/20180406_111253-169x300.jpg 169w, http:\/\/reallinecert.com\/wp-content\/uploads\/2026\/01\/20180406_111253-768x1365.jpg 768w, http:\/\/reallinecert.com\/wp-content\/uploads\/2026\/01\/20180406_111253-864x1536.jpg 864w, http:\/\/reallinecert.com\/wp-content\/uploads\/2026\/01\/20180406_111253-1152x2048.jpg 1152w, http:\/\/reallinecert.com\/wp-content\/uploads\/2026\/01\/20180406_111253-600x1067.jpg 600w, http:\/\/reallinecert.com\/wp-content\/uploads\/2026\/01\/20180406_111253-scaled.jpg 1440w\" sizes=\"auto, (max-width: 576px) 100vw, 576px\" \/><\/figure>\n<\/figure>\n","protected":false},"excerpt":{"rendered":"<p>Firmam\u0131z taraf\u0131ndan Macera Grubu, Yapay T\u0131rmanma, Havada As\u0131l\u0131 A\u011flar, D\u0131\u015f mek\u00e2n park oyuncaklar\u0131, D\u0131\u015f mekan kondisyon aletleri(TS EN 1176-1-2-3-4-5-6-11 seri standard\u0131, TS EN 16630, TS EN 1177, TS EN 15567-, TS EN 12572-1) standardlar\u0131 konular\u0131nda teorik ve uygulamal\u0131 e\u011fitimler verilmektedir. E\u011fitim almak isteyen kurum ve kurulu\u015flar firmam\u0131z ile irtibata ge\u00e7ebilirler<\/p>\n","protected":false},"author":1,"featured_media":0,"parent":0,"menu_order":0,"comment_status":"closed","ping_status":"closed","template":"","meta":{"footnotes":""},"class_list":["post-1231","page","type-page","status-publish","hentry"],"_links":{"self":[{"href":"http:\/\/reallinecert.com\/index.php\/wp-json\/wp\/v2\/pages\/1231","targetHints":{"allow":["GET"]}}],"collection":[{"href":"http:\/\/reallinecert.com\/index.php\/wp-json\/wp\/v2\/pages"}],"about":[{"href":"http:\/\/reallinecert.com\/index.php\/wp-json\/wp\/v2\/types\/page"}],"author":[{"embeddable":true,"href":"http:\/\/reallinecert.com\/index.php\/wp-json\/wp\/v2\/users\/1"}],"replies":[{"embeddable":true,"href":"http:\/\/reallinecert.com\/index.php\/wp-json\/wp\/v2\/comments?post=1231"}],"version-history":[{"count":3,"href":"http:\/\/reallinecert.com\/index.php\/wp-json\/wp\/v2\/pages\/1231\/revisions"}],"predecessor-version":[{"id":1415,"href":"http:\/\/reallinecert.com\/index.php\/wp-json\/wp\/v2\/pages\/1231\/revisions\/1415"}],"wp:attachment":[{"href":"http:\/\/reallinecert.com\/index.php\/wp-json\/wp\/v2\/media?parent=1231"}],"curies":[{"name":"wp","href":"https:\/\/api.w.org\/{rel}","templated":true}]}}