{"id":1228,"date":"2025-10-21T16:04:14","date_gmt":"2025-10-21T13:04:14","guid":{"rendered":"http:\/\/reallinecert.com\/?page_id=1228"},"modified":"2026-01-10T23:48:45","modified_gmt":"2026-01-10T20:48:45","slug":"muayene-ve-gozetim","status":"publish","type":"page","link":"http:\/\/reallinecert.com\/index.php\/muayene-ve-gozetim\/","title":{"rendered":"Muayene ve G\u00f6zetim"},"content":{"rendered":"\n<p class=\"has-small-font-size\">Muayene ve G\u00f6zetim Hizmetleri<\/p>\n\n\n\n<p class=\"has-small-font-size\">Macera Grubu, Yapay T\u0131rmanma, Havada As\u0131l\u0131 A\u011flar, D\u0131\u015f mek\u00e2n park oyuncaklar\u0131, D\u0131\u015f mekan kondisyon aletleri &nbsp;\u00e7ocuklar\u0131n, gen\u00e7lerin ve yeti\u015fkinlerin fiziksel, sosyal , pedagojik ve bili\u015fsel geli\u015fimini destekleyen faydal\u0131 ekipmanlard\u0131r<\/p>\n\n\n\n<p class=\"has-small-font-size\">Kullan\u0131lan t\u00fcm materyallerin g\u00fcvenli olmas\u0131 son derece \u00e7ok \u00f6nemlidir.<\/p>\n\n\n\n<p class=\"has-small-font-size\">G\u00fcvenli parklar \u00e7ocuklar\u0131n geli\u015fimine<\/p>\n\n\n\n<p class=\"has-small-font-size\">&#8211;<strong>G\u00fcvenlik Bilinci:<\/strong> \u00c7ocuklar\u0131n oyun s\u0131ras\u0131nda d\u00fc\u015fme, \u00e7arpma gibi risklerden korunmas\u0131 i\u00e7in do\u011fru kullan\u0131m kurallar\u0131 \u00f6\u011fretilir.<\/p>\n\n\n\n<p class=\"has-small-font-size\">&#8211;<strong>Fiziksel Geli\u015fim:<\/strong> T\u0131rmanma, kayma, sallanma gibi aktiviteler kas geli\u015fimi, denge ve koordinasyonu art\u0131r\u0131r.<\/p>\n\n\n\n<p class=\"has-small-font-size\">&#8211; &nbsp;<strong>Sosyal Beceriler:<\/strong> Grup oyunlar\u0131 sayesinde payla\u015fma, s\u0131ra bekleme ve i\u015f birli\u011fi becerileri geli\u015fir.<\/p>\n\n\n\n<p class=\"has-small-font-size\">&#8211; &nbsp;<strong>Bili\u015fsel Katk\u0131:<\/strong> Problem \u00e7\u00f6zme, hayal g\u00fcc\u00fc ve yarat\u0131c\u0131l\u0131\u011f\u0131 destekleyen oyun senaryolar\u0131 uygulan\u0131r<\/p>\n\n\n\n<p class=\"has-small-font-size\">Faydalar sa\u011flar.<\/p>\n\n\n\n<p class=\"has-small-font-size\">&nbsp;Bu materyaller i\u00e7in TS EN 1176-1-2-3-4-5-6-11 seri standard\u0131, TS EN 1177, TS EN 15567-, TS EN 12572-1 VS Avrupa normlar\u0131ndan haz\u0131rlanm\u0131\u015f Standardlar mevcuttur.<\/p>\n\n\n\n<p class=\"has-small-font-size\">Macera Grubu, Yapay T\u0131rmanma, Havada As\u0131l\u0131 A\u011flar, D\u0131\u015f mek\u00e2n park oyuncaklar\u0131, D\u0131\u015f mekan kondisyon aletleri b\u00fct\u00fcn ekipmanlar\u0131 ve zemin dahil, kurulumundan montaj\u0131na periyodik bak\u0131mlar\u0131 \u00f6nem arz etmektedir. &nbsp;Aksi takdirde istenmeyen kazalara sebep olabilir.<\/p>\n\n\n\n<p class=\"has-small-font-size\">Bundan profesyonel bir ekip taraf\u0131nda kontrol edilip sertifikaland\u0131r\u0131lmas\u0131 b\u00fcy\u00fck \u00f6nem arz etmektedir. RLC firmas\u0131 olarak bu alan yakla\u015f\u0131k 25 y\u0131ll\u0131k bilgi, tecr\u00fcbe ve g\u00fcven sahip ekip taraf\u0131ndan kontroller yap\u0131larak sertifika i\u015flemleri ger\u00e7ekle\u015ftirilmektedir.<\/p>\n\n\n\n<figure class=\"wp-block-gallery has-nested-images columns-default is-cropped wp-block-gallery-1 is-layout-flex wp-block-gallery-is-layout-flex\">\n<figure class=\"wp-block-image size-large\"><img loading=\"lazy\" decoding=\"async\" width=\"1024\" height=\"576\" data-id=\"1401\" src=\"http:\/\/reallinecert.com\/wp-content\/uploads\/2026\/01\/20160225_165355-1024x576.jpg\" alt=\"\" class=\"wp-image-1401\" srcset=\"http:\/\/reallinecert.com\/wp-content\/uploads\/2026\/01\/20160225_165355-1024x576.jpg 1024w, http:\/\/reallinecert.com\/wp-content\/uploads\/2026\/01\/20160225_165355-300x169.jpg 300w, http:\/\/reallinecert.com\/wp-content\/uploads\/2026\/01\/20160225_165355-768x432.jpg 768w, http:\/\/reallinecert.com\/wp-content\/uploads\/2026\/01\/20160225_165355-1536x864.jpg 1536w, http:\/\/reallinecert.com\/wp-content\/uploads\/2026\/01\/20160225_165355-2048x1152.jpg 2048w, http:\/\/reallinecert.com\/wp-content\/uploads\/2026\/01\/20160225_165355-600x338.jpg 600w\" sizes=\"auto, (max-width: 1024px) 100vw, 1024px\" \/><\/figure>\n<\/figure>\n\n\n\n<figure class=\"wp-block-gallery has-nested-images columns-default is-cropped wp-block-gallery-2 is-layout-flex wp-block-gallery-is-layout-flex\">\n<figure class=\"wp-block-image size-large\"><img loading=\"lazy\" decoding=\"async\" width=\"1024\" height=\"576\" data-id=\"1402\" src=\"http:\/\/reallinecert.com\/wp-content\/uploads\/2026\/01\/20160225_165438-1024x576.jpg\" alt=\"\" class=\"wp-image-1402\" srcset=\"http:\/\/reallinecert.com\/wp-content\/uploads\/2026\/01\/20160225_165438-1024x576.jpg 1024w, http:\/\/reallinecert.com\/wp-content\/uploads\/2026\/01\/20160225_165438-300x169.jpg 300w, http:\/\/reallinecert.com\/wp-content\/uploads\/2026\/01\/20160225_165438-768x432.jpg 768w, http:\/\/reallinecert.com\/wp-content\/uploads\/2026\/01\/20160225_165438-1536x864.jpg 1536w, http:\/\/reallinecert.com\/wp-content\/uploads\/2026\/01\/20160225_165438-2048x1152.jpg 2048w, http:\/\/reallinecert.com\/wp-content\/uploads\/2026\/01\/20160225_165438-600x338.jpg 600w\" sizes=\"auto, (max-width: 1024px) 100vw, 1024px\" \/><\/figure>\n<\/figure>\n","protected":false},"excerpt":{"rendered":"<p>Muayene ve G\u00f6zetim Hizmetleri Macera Grubu, Yapay T\u0131rmanma, Havada As\u0131l\u0131 A\u011flar, D\u0131\u015f mek\u00e2n park oyuncaklar\u0131, D\u0131\u015f mekan kondisyon aletleri &nbsp;\u00e7ocuklar\u0131n, gen\u00e7lerin ve yeti\u015fkinlerin fiziksel, sosyal , pedagojik ve bili\u015fsel geli\u015fimini destekleyen faydal\u0131 ekipmanlard\u0131r Kullan\u0131lan t\u00fcm materyallerin g\u00fcvenli olmas\u0131 son derece \u00e7ok \u00f6nemlidir. G\u00fcvenli parklar \u00e7ocuklar\u0131n geli\u015fimine &#8211;G\u00fcvenlik Bilinci: \u00c7ocuklar\u0131n oyun [&hellip;]<\/p>\n","protected":false},"author":1,"featured_media":0,"parent":0,"menu_order":0,"comment_status":"closed","ping_status":"closed","template":"","meta":{"footnotes":""},"class_list":["post-1228","page","type-page","status-publish","hentry"],"_links":{"self":[{"href":"http:\/\/reallinecert.com\/index.php\/wp-json\/wp\/v2\/pages\/1228","targetHints":{"allow":["GET"]}}],"collection":[{"href":"http:\/\/reallinecert.com\/index.php\/wp-json\/wp\/v2\/pages"}],"about":[{"href":"http:\/\/reallinecert.com\/index.php\/wp-json\/wp\/v2\/types\/page"}],"author":[{"embeddable":true,"href":"http:\/\/reallinecert.com\/index.php\/wp-json\/wp\/v2\/users\/1"}],"replies":[{"embeddable":true,"href":"http:\/\/reallinecert.com\/index.php\/wp-json\/wp\/v2\/comments?post=1228"}],"version-history":[{"count":2,"href":"http:\/\/reallinecert.com\/index.php\/wp-json\/wp\/v2\/pages\/1228\/revisions"}],"predecessor-version":[{"id":1403,"href":"http:\/\/reallinecert.com\/index.php\/wp-json\/wp\/v2\/pages\/1228\/revisions\/1403"}],"wp:attachment":[{"href":"http:\/\/reallinecert.com\/index.php\/wp-json\/wp\/v2\/media?parent=1228"}],"curies":[{"name":"wp","href":"https:\/\/api.w.org\/{rel}","templated":true}]}}