{"id":1179,"date":"2025-10-13T14:10:07","date_gmt":"2025-10-13T11:10:07","guid":{"rendered":"http:\/\/reallinecert.com\/?page_id=1179"},"modified":"2026-01-25T23:26:59","modified_gmt":"2026-01-25T20:26:59","slug":"ts-en-1177-ac-nisan-2019-darbe-azaltici-oyun-alani-zemin-duzenlemeleri-kritik-dusme-yuksekliginin-belirlenmesi","status":"publish","type":"page","link":"http:\/\/reallinecert.com\/index.php\/ts-en-1177-ac-nisan-2019-darbe-azaltici-oyun-alani-zemin-duzenlemeleri-kritik-dusme-yuksekliginin-belirlenmesi\/","title":{"rendered":"TS EN 1177 \/+AC\/Nisan 2019"},"content":{"rendered":"\n<p><strong>Darbe<\/strong> <strong>azalt\u0131c\u0131<\/strong> <strong>oyun<\/strong> <strong>alan\u0131<\/strong> <strong>kaplamas\u0131<\/strong> <strong>&#8211;<\/strong> <strong>Darbe<\/strong> <strong>zay\u0131flamas\u0131n\u0131n<\/strong> <strong>belirlenmesi<\/strong> <strong>i\u00e7in<\/strong> <strong>test<\/strong> <strong>y\u00f6ntemleri<\/strong><\/p>\n\n\n\n<figure class=\"wp-block-image size-large is-resized\"><img loading=\"lazy\" decoding=\"async\" width=\"683\" height=\"1024\" src=\"http:\/\/reallinecert.com\/wp-content\/uploads\/2026\/01\/wise-expertise-HIC-meter-tripod-scaled-1-683x1024.jpg\" alt=\"\" class=\"wp-image-1433\" style=\"width:422px;height:auto\" srcset=\"http:\/\/reallinecert.com\/wp-content\/uploads\/2026\/01\/wise-expertise-HIC-meter-tripod-scaled-1-683x1024.jpg 683w, http:\/\/reallinecert.com\/wp-content\/uploads\/2026\/01\/wise-expertise-HIC-meter-tripod-scaled-1-200x300.jpg 200w, http:\/\/reallinecert.com\/wp-content\/uploads\/2026\/01\/wise-expertise-HIC-meter-tripod-scaled-1-768x1152.jpg 768w, http:\/\/reallinecert.com\/wp-content\/uploads\/2026\/01\/wise-expertise-HIC-meter-tripod-scaled-1-1024x1536.jpg 1024w, http:\/\/reallinecert.com\/wp-content\/uploads\/2026\/01\/wise-expertise-HIC-meter-tripod-scaled-1-1366x2048.jpg 1366w, http:\/\/reallinecert.com\/wp-content\/uploads\/2026\/01\/wise-expertise-HIC-meter-tripod-scaled-1-600x900.jpg 600w, http:\/\/reallinecert.com\/wp-content\/uploads\/2026\/01\/wise-expertise-HIC-meter-tripod-scaled-1.jpg 1707w\" sizes=\"auto, (max-width: 683px) 100vw, 683px\" \/><\/figure>\n","protected":false},"excerpt":{"rendered":"<p>Darbe azalt\u0131c\u0131 oyun alan\u0131 kaplamas\u0131 &#8211; Darbe zay\u0131flamas\u0131n\u0131n belirlenmesi i\u00e7in test y\u00f6ntemleri<\/p>\n","protected":false},"author":1,"featured_media":0,"parent":0,"menu_order":0,"comment_status":"closed","ping_status":"closed","template":"","meta":{"footnotes":""},"class_list":["post-1179","page","type-page","status-publish","hentry"],"_links":{"self":[{"href":"http:\/\/reallinecert.com\/index.php\/wp-json\/wp\/v2\/pages\/1179","targetHints":{"allow":["GET"]}}],"collection":[{"href":"http:\/\/reallinecert.com\/index.php\/wp-json\/wp\/v2\/pages"}],"about":[{"href":"http:\/\/reallinecert.com\/index.php\/wp-json\/wp\/v2\/types\/page"}],"author":[{"embeddable":true,"href":"http:\/\/reallinecert.com\/index.php\/wp-json\/wp\/v2\/users\/1"}],"replies":[{"embeddable":true,"href":"http:\/\/reallinecert.com\/index.php\/wp-json\/wp\/v2\/comments?post=1179"}],"version-history":[{"count":3,"href":"http:\/\/reallinecert.com\/index.php\/wp-json\/wp\/v2\/pages\/1179\/revisions"}],"predecessor-version":[{"id":1434,"href":"http:\/\/reallinecert.com\/index.php\/wp-json\/wp\/v2\/pages\/1179\/revisions\/1434"}],"wp:attachment":[{"href":"http:\/\/reallinecert.com\/index.php\/wp-json\/wp\/v2\/media?parent=1179"}],"curies":[{"name":"wp","href":"https:\/\/api.w.org\/{rel}","templated":true}]}}