{"id":1177,"date":"2025-10-13T14:09:13","date_gmt":"2025-10-13T11:09:13","guid":{"rendered":"http:\/\/reallinecert.com\/?page_id=1177"},"modified":"2025-12-31T12:47:09","modified_gmt":"2025-12-31T09:47:09","slug":"ts-en-1176-112014-ekim-2014-oyun-alani-elemanlari-ve-zemin-duzenlemeleri-bolum-11-havada-asili-aglar-icin-ilave-ozel-guvenlik-kurallari-ve-deney-yontemleri","status":"publish","type":"page","link":"http:\/\/reallinecert.com\/index.php\/ts-en-1176-112014-ekim-2014-oyun-alani-elemanlari-ve-zemin-duzenlemeleri-bolum-11-havada-asili-aglar-icin-ilave-ozel-guvenlik-kurallari-ve-deney-yontemleri\/","title":{"rendered":"TS EN 1176-11:2014\/Ekim 2014"},"content":{"rendered":"\n<figure class=\"wp-block-table\"><table class=\"has-fixed-layout\"><tbody><tr><td>TS EN 1176-11:2014\/Ekim 2014-Oyun Alan\u0131 Elemanlar\u0131 ve Zemin D\u00fczenlemeleri &#8211; B\u00f6l\u00fcm 11: Havada As\u0131l\u0131 A\u011flar \u0130\u00e7in \u0130l\u00e2ve \u00d6zel G\u00fcvenlik Kurallar\u0131 ve Deney Y\u00f6ntemleri<\/td><\/tr><\/tbody><\/table><\/figure>\n\n\n\n<figure class=\"wp-block-image size-large\"><img loading=\"lazy\" decoding=\"async\" width=\"1024\" height=\"700\" src=\"http:\/\/reallinecert.com\/wp-content\/uploads\/2025\/12\/image-12-1024x700.png\" alt=\"\" class=\"wp-image-1349\" srcset=\"http:\/\/reallinecert.com\/wp-content\/uploads\/2025\/12\/image-12-1024x700.png 1024w, http:\/\/reallinecert.com\/wp-content\/uploads\/2025\/12\/image-12-300x205.png 300w, http:\/\/reallinecert.com\/wp-content\/uploads\/2025\/12\/image-12-768x525.png 768w, http:\/\/reallinecert.com\/wp-content\/uploads\/2025\/12\/image-12-600x410.png 600w, http:\/\/reallinecert.com\/wp-content\/uploads\/2025\/12\/image-12.png 1045w\" sizes=\"auto, (max-width: 1024px) 100vw, 1024px\" \/><\/figure>\n\n\n\n<figure class=\"wp-block-image size-full\"><img loading=\"lazy\" decoding=\"async\" width=\"732\" height=\"734\" src=\"http:\/\/reallinecert.com\/wp-content\/uploads\/2025\/12\/image-13.png\" alt=\"\" class=\"wp-image-1350\" srcset=\"http:\/\/reallinecert.com\/wp-content\/uploads\/2025\/12\/image-13.png 732w, http:\/\/reallinecert.com\/wp-content\/uploads\/2025\/12\/image-13-300x300.png 300w, http:\/\/reallinecert.com\/wp-content\/uploads\/2025\/12\/image-13-150x150.png 150w, http:\/\/reallinecert.com\/wp-content\/uploads\/2025\/12\/image-13-600x602.png 600w\" sizes=\"auto, (max-width: 732px) 100vw, 732px\" \/><\/figure>\n","protected":false},"excerpt":{"rendered":"<p>TS EN 1176-11:2014\/Ekim 2014-Oyun Alan\u0131 Elemanlar\u0131 ve Zemin D\u00fczenlemeleri &#8211; B\u00f6l\u00fcm 11: Havada As\u0131l\u0131 A\u011flar \u0130\u00e7in \u0130l\u00e2ve \u00d6zel G\u00fcvenlik Kurallar\u0131 ve Deney Y\u00f6ntemleri<\/p>\n","protected":false},"author":1,"featured_media":0,"parent":0,"menu_order":0,"comment_status":"closed","ping_status":"closed","template":"","meta":{"footnotes":""},"class_list":["post-1177","page","type-page","status-publish","hentry"],"_links":{"self":[{"href":"http:\/\/reallinecert.com\/index.php\/wp-json\/wp\/v2\/pages\/1177","targetHints":{"allow":["GET"]}}],"collection":[{"href":"http:\/\/reallinecert.com\/index.php\/wp-json\/wp\/v2\/pages"}],"about":[{"href":"http:\/\/reallinecert.com\/index.php\/wp-json\/wp\/v2\/types\/page"}],"author":[{"embeddable":true,"href":"http:\/\/reallinecert.com\/index.php\/wp-json\/wp\/v2\/users\/1"}],"replies":[{"embeddable":true,"href":"http:\/\/reallinecert.com\/index.php\/wp-json\/wp\/v2\/comments?post=1177"}],"version-history":[{"count":3,"href":"http:\/\/reallinecert.com\/index.php\/wp-json\/wp\/v2\/pages\/1177\/revisions"}],"predecessor-version":[{"id":1351,"href":"http:\/\/reallinecert.com\/index.php\/wp-json\/wp\/v2\/pages\/1177\/revisions\/1351"}],"wp:attachment":[{"href":"http:\/\/reallinecert.com\/index.php\/wp-json\/wp\/v2\/media?parent=1177"}],"curies":[{"name":"wp","href":"https:\/\/api.w.org\/{rel}","templated":true}]}}