{"id":1175,"date":"2025-10-13T14:08:24","date_gmt":"2025-10-13T11:08:24","guid":{"rendered":"http:\/\/reallinecert.com\/?page_id=1175"},"modified":"2025-12-31T12:25:32","modified_gmt":"2025-12-31T09:25:32","slug":"ts-en-1176-6ac-nisan-2019-oyun-alani-elemanlari-ve-zemin-duzenlemeleri-bolum-6-sallanma-elemanlari-icin-ilave-ozel-guvenlik-gereklilikleri-ve-deney-yontemleri","status":"publish","type":"page","link":"http:\/\/reallinecert.com\/index.php\/ts-en-1176-6ac-nisan-2019-oyun-alani-elemanlari-ve-zemin-duzenlemeleri-bolum-6-sallanma-elemanlari-icin-ilave-ozel-guvenlik-gereklilikleri-ve-deney-yontemleri\/","title":{"rendered":"TS EN 1176-6+AC\/Nisan 2019"},"content":{"rendered":"\n<figure class=\"wp-block-table\"><table class=\"has-fixed-layout\"><tbody><tr><td>TS EN 1176-6+AC\/Nisan 2019 &#8211; Oyun alan\u0131 elemanlar\u0131 ve zemin d\u00fczenlemeleri &#8211; B\u00f6l\u00fcm 6: Sallanma elemanlar\u0131 i\u00e7in ilave \u00f6zel g\u00fcvenlik gereklilikleri ve deney y\u00f6ntemleri<\/td><\/tr><\/tbody><\/table><\/figure>\n\n\n\n<figure class=\"wp-block-image size-large\"><img loading=\"lazy\" decoding=\"async\" width=\"1024\" height=\"718\" src=\"http:\/\/reallinecert.com\/wp-content\/uploads\/2025\/12\/image-8-1024x718.png\" alt=\"\" class=\"wp-image-1342\" srcset=\"http:\/\/reallinecert.com\/wp-content\/uploads\/2025\/12\/image-8-1024x718.png 1024w, http:\/\/reallinecert.com\/wp-content\/uploads\/2025\/12\/image-8-300x210.png 300w, http:\/\/reallinecert.com\/wp-content\/uploads\/2025\/12\/image-8-768x539.png 768w, http:\/\/reallinecert.com\/wp-content\/uploads\/2025\/12\/image-8-600x421.png 600w, http:\/\/reallinecert.com\/wp-content\/uploads\/2025\/12\/image-8.png 1249w\" sizes=\"auto, (max-width: 1024px) 100vw, 1024px\" \/><\/figure>\n\n\n\n<figure class=\"wp-block-image size-large\"><img loading=\"lazy\" decoding=\"async\" width=\"1024\" height=\"737\" src=\"http:\/\/reallinecert.com\/wp-content\/uploads\/2025\/12\/image-9-1024x737.png\" alt=\"\" class=\"wp-image-1343\" srcset=\"http:\/\/reallinecert.com\/wp-content\/uploads\/2025\/12\/image-9-1024x737.png 1024w, http:\/\/reallinecert.com\/wp-content\/uploads\/2025\/12\/image-9-300x216.png 300w, http:\/\/reallinecert.com\/wp-content\/uploads\/2025\/12\/image-9-768x553.png 768w, http:\/\/reallinecert.com\/wp-content\/uploads\/2025\/12\/image-9-600x432.png 600w, http:\/\/reallinecert.com\/wp-content\/uploads\/2025\/12\/image-9.png 1184w\" sizes=\"auto, (max-width: 1024px) 100vw, 1024px\" \/><\/figure>\n\n\n\n<figure class=\"wp-block-image size-full\"><img loading=\"lazy\" decoding=\"async\" width=\"401\" height=\"714\" src=\"http:\/\/reallinecert.com\/wp-content\/uploads\/2025\/12\/image-10.png\" alt=\"\" class=\"wp-image-1344\" srcset=\"http:\/\/reallinecert.com\/wp-content\/uploads\/2025\/12\/image-10.png 401w, http:\/\/reallinecert.com\/wp-content\/uploads\/2025\/12\/image-10-168x300.png 168w\" sizes=\"auto, (max-width: 401px) 100vw, 401px\" \/><\/figure>\n\n\n\n<figure class=\"wp-block-image size-full\"><img loading=\"lazy\" decoding=\"async\" width=\"402\" height=\"715\" src=\"http:\/\/reallinecert.com\/wp-content\/uploads\/2025\/12\/image-11.png\" alt=\"\" class=\"wp-image-1345\" srcset=\"http:\/\/reallinecert.com\/wp-content\/uploads\/2025\/12\/image-11.png 402w, http:\/\/reallinecert.com\/wp-content\/uploads\/2025\/12\/image-11-169x300.png 169w\" sizes=\"auto, (max-width: 402px) 100vw, 402px\" \/><\/figure>\n\n\n\n<p><\/p>\n","protected":false},"excerpt":{"rendered":"<p>TS EN 1176-6+AC\/Nisan 2019 &#8211; Oyun alan\u0131 elemanlar\u0131 ve zemin d\u00fczenlemeleri &#8211; B\u00f6l\u00fcm 6: Sallanma elemanlar\u0131 i\u00e7in ilave \u00f6zel g\u00fcvenlik gereklilikleri ve deney y\u00f6ntemleri<\/p>\n","protected":false},"author":1,"featured_media":0,"parent":0,"menu_order":0,"comment_status":"closed","ping_status":"closed","template":"","meta":{"footnotes":""},"class_list":["post-1175","page","type-page","status-publish","hentry"],"_links":{"self":[{"href":"http:\/\/reallinecert.com\/index.php\/wp-json\/wp\/v2\/pages\/1175","targetHints":{"allow":["GET"]}}],"collection":[{"href":"http:\/\/reallinecert.com\/index.php\/wp-json\/wp\/v2\/pages"}],"about":[{"href":"http:\/\/reallinecert.com\/index.php\/wp-json\/wp\/v2\/types\/page"}],"author":[{"embeddable":true,"href":"http:\/\/reallinecert.com\/index.php\/wp-json\/wp\/v2\/users\/1"}],"replies":[{"embeddable":true,"href":"http:\/\/reallinecert.com\/index.php\/wp-json\/wp\/v2\/comments?post=1175"}],"version-history":[{"count":3,"href":"http:\/\/reallinecert.com\/index.php\/wp-json\/wp\/v2\/pages\/1175\/revisions"}],"predecessor-version":[{"id":1346,"href":"http:\/\/reallinecert.com\/index.php\/wp-json\/wp\/v2\/pages\/1175\/revisions\/1346"}],"wp:attachment":[{"href":"http:\/\/reallinecert.com\/index.php\/wp-json\/wp\/v2\/media?parent=1175"}],"curies":[{"name":"wp","href":"https:\/\/api.w.org\/{rel}","templated":true}]}}