{"id":1173,"date":"2025-10-13T14:07:29","date_gmt":"2025-10-13T11:07:29","guid":{"rendered":"http:\/\/reallinecert.com\/?page_id=1173"},"modified":"2025-12-31T12:10:49","modified_gmt":"2025-12-31T09:10:49","slug":"ts-en-1176-5-aralik-2019-oyun-alani-elemanlari-ve-zemin-duzenlemeleri-bolum-5-atli-karincalar-icin-ilave-ozel-guvenlik-kurallari-ve-deney-yontemleri","status":"publish","type":"page","link":"http:\/\/reallinecert.com\/index.php\/ts-en-1176-5-aralik-2019-oyun-alani-elemanlari-ve-zemin-duzenlemeleri-bolum-5-atli-karincalar-icin-ilave-ozel-guvenlik-kurallari-ve-deney-yontemleri\/","title":{"rendered":"TS EN 1176-5\/Aral\u0131k 2019"},"content":{"rendered":"\n<figure class=\"wp-block-table\"><table class=\"has-fixed-layout\"><tbody><tr><td>TS EN 1176-5\/Aral\u0131k 2019-Oyun Alan\u0131 Elemanlar\u0131 ve Zemin D\u00fczenlemeleri &#8211; B\u00f6l\u00fcm 5: Atl\u0131 Kar\u0131ncalar \u0130\u00e7in \u0130l\u00e2ve \u00d6zel G\u00fcvenlik Kurallar\u0131 ve Deney Y\u00f6ntemleri<\/td><\/tr><\/tbody><\/table><\/figure>\n\n\n\n<p> <\/p>\n\n\n\n<figure class=\"wp-block-image size-full\"><img loading=\"lazy\" decoding=\"async\" width=\"611\" height=\"520\" src=\"http:\/\/reallinecert.com\/wp-content\/uploads\/2025\/12\/image-6.png\" alt=\"\" class=\"wp-image-1338\" srcset=\"http:\/\/reallinecert.com\/wp-content\/uploads\/2025\/12\/image-6.png 611w, http:\/\/reallinecert.com\/wp-content\/uploads\/2025\/12\/image-6-300x255.png 300w, http:\/\/reallinecert.com\/wp-content\/uploads\/2025\/12\/image-6-600x511.png 600w\" sizes=\"auto, (max-width: 611px) 100vw, 611px\" \/><\/figure>\n\n\n\n<figure class=\"wp-block-image size-full\"><img loading=\"lazy\" decoding=\"async\" width=\"906\" height=\"679\" src=\"http:\/\/reallinecert.com\/wp-content\/uploads\/2025\/12\/image-7.png\" alt=\"\" class=\"wp-image-1339\" srcset=\"http:\/\/reallinecert.com\/wp-content\/uploads\/2025\/12\/image-7.png 906w, http:\/\/reallinecert.com\/wp-content\/uploads\/2025\/12\/image-7-300x225.png 300w, http:\/\/reallinecert.com\/wp-content\/uploads\/2025\/12\/image-7-768x576.png 768w, http:\/\/reallinecert.com\/wp-content\/uploads\/2025\/12\/image-7-600x450.png 600w\" sizes=\"auto, (max-width: 906px) 100vw, 906px\" \/><\/figure>\n","protected":false},"excerpt":{"rendered":"<p>TS EN 1176-5\/Aral\u0131k 2019-Oyun Alan\u0131 Elemanlar\u0131 ve Zemin D\u00fczenlemeleri &#8211; B\u00f6l\u00fcm 5: Atl\u0131 Kar\u0131ncalar \u0130\u00e7in \u0130l\u00e2ve \u00d6zel G\u00fcvenlik Kurallar\u0131 ve Deney Y\u00f6ntemleri<\/p>\n","protected":false},"author":1,"featured_media":0,"parent":0,"menu_order":0,"comment_status":"closed","ping_status":"closed","template":"","meta":{"footnotes":""},"class_list":["post-1173","page","type-page","status-publish","hentry"],"_links":{"self":[{"href":"http:\/\/reallinecert.com\/index.php\/wp-json\/wp\/v2\/pages\/1173","targetHints":{"allow":["GET"]}}],"collection":[{"href":"http:\/\/reallinecert.com\/index.php\/wp-json\/wp\/v2\/pages"}],"about":[{"href":"http:\/\/reallinecert.com\/index.php\/wp-json\/wp\/v2\/types\/page"}],"author":[{"embeddable":true,"href":"http:\/\/reallinecert.com\/index.php\/wp-json\/wp\/v2\/users\/1"}],"replies":[{"embeddable":true,"href":"http:\/\/reallinecert.com\/index.php\/wp-json\/wp\/v2\/comments?post=1173"}],"version-history":[{"count":3,"href":"http:\/\/reallinecert.com\/index.php\/wp-json\/wp\/v2\/pages\/1173\/revisions"}],"predecessor-version":[{"id":1340,"href":"http:\/\/reallinecert.com\/index.php\/wp-json\/wp\/v2\/pages\/1173\/revisions\/1340"}],"wp:attachment":[{"href":"http:\/\/reallinecert.com\/index.php\/wp-json\/wp\/v2\/media?parent=1173"}],"curies":[{"name":"wp","href":"https:\/\/api.w.org\/{rel}","templated":true}]}}