{"id":1159,"date":"2025-10-13T13:52:26","date_gmt":"2025-10-13T10:52:26","guid":{"rendered":"http:\/\/reallinecert.com\/?page_id=1159"},"modified":"2025-10-13T13:52:27","modified_gmt":"2025-10-13T10:52:27","slug":"1159-2","status":"publish","type":"page","link":"http:\/\/reallinecert.com\/index.php\/1159-2\/","title":{"rendered":""},"content":{"rendered":"\n<figure class=\"wp-block-table\"><table class=\"has-fixed-layout\"><tbody><tr><td>TS EN 1176-2+AC\/Aral\u0131k 2019 \u2013 Oyun alan\u0131 elemanlar\u0131 ve zemin d\u00fczenlemeleri &#8211; B\u00f6l\u00fcm 2: Sal\u0131ncaklar i\u00e7in il\u00e2ve \u00f6zel g\u00fcvenlik gereklilikleri ve deney y\u00f6ntemleri<\/td><\/tr><\/tbody><\/table><\/figure>\n","protected":false},"excerpt":{"rendered":"<p>TS EN 1176-2+AC\/Aral\u0131k 2019 \u2013 Oyun alan\u0131 elemanlar\u0131 ve zemin d\u00fczenlemeleri &#8211; B\u00f6l\u00fcm 2: Sal\u0131ncaklar i\u00e7in il\u00e2ve \u00f6zel g\u00fcvenlik gereklilikleri ve deney y\u00f6ntemleri<\/p>\n","protected":false},"author":1,"featured_media":0,"parent":0,"menu_order":0,"comment_status":"closed","ping_status":"closed","template":"","meta":{"footnotes":""},"class_list":["post-1159","page","type-page","status-publish","hentry"],"_links":{"self":[{"href":"http:\/\/reallinecert.com\/index.php\/wp-json\/wp\/v2\/pages\/1159","targetHints":{"allow":["GET"]}}],"collection":[{"href":"http:\/\/reallinecert.com\/index.php\/wp-json\/wp\/v2\/pages"}],"about":[{"href":"http:\/\/reallinecert.com\/index.php\/wp-json\/wp\/v2\/types\/page"}],"author":[{"embeddable":true,"href":"http:\/\/reallinecert.com\/index.php\/wp-json\/wp\/v2\/users\/1"}],"replies":[{"embeddable":true,"href":"http:\/\/reallinecert.com\/index.php\/wp-json\/wp\/v2\/comments?post=1159"}],"version-history":[{"count":1,"href":"http:\/\/reallinecert.com\/index.php\/wp-json\/wp\/v2\/pages\/1159\/revisions"}],"predecessor-version":[{"id":1160,"href":"http:\/\/reallinecert.com\/index.php\/wp-json\/wp\/v2\/pages\/1159\/revisions\/1160"}],"wp:attachment":[{"href":"http:\/\/reallinecert.com\/index.php\/wp-json\/wp\/v2\/media?parent=1159"}],"curies":[{"name":"wp","href":"https:\/\/api.w.org\/{rel}","templated":true}]}}