{"id":1134,"date":"2025-10-09T23:55:57","date_gmt":"2025-10-09T20:55:57","guid":{"rendered":"http:\/\/reallinecert.com\/?page_id=1134"},"modified":"2026-02-13T10:48:15","modified_gmt":"2026-02-13T07:48:15","slug":"gerekli-evralar","status":"publish","type":"page","link":"http:\/\/reallinecert.com\/index.php\/gerekli-evralar\/","title":{"rendered":"Faydal\u0131 D\u00f6k\u00fcmanlar"},"content":{"rendered":"\n<div class=\"wp-block-file\"><a id=\"wp-block-file--media-1d6aebf5-8afe-4d27-a608-9b61383275f0\" href=\"http:\/\/reallinecert.com\/wp-content\/uploads\/2026\/02\/Kalite-Politikasi.docx-.pdf\">Kalite Politikas\u0131.docx<\/a><a href=\"http:\/\/reallinecert.com\/wp-content\/uploads\/2026\/02\/Kalite-Politikasi.docx-.pdf\" class=\"wp-block-file__button wp-element-button\" download aria-describedby=\"wp-block-file--media-1d6aebf5-8afe-4d27-a608-9b61383275f0\">\u0130ndir<\/a><\/div>\n\n\n\n<div class=\"wp-block-file\"><a id=\"wp-block-file--media-6c89a0cb-1fff-40c1-926f-f2785911fce6\" href=\"http:\/\/reallinecert.com\/wp-content\/uploads\/2026\/01\/UB-FR-001_0-URUN-BELGELENDIRME-BASVURU-FORMU.doc\">UB-FR-001_0 \u00dcR\u00dcN BELGELEND\u0130RME BA\u015eVURU FORMU<\/a><a href=\"http:\/\/reallinecert.com\/wp-content\/uploads\/2026\/01\/UB-FR-001_0-URUN-BELGELENDIRME-BASVURU-FORMU.doc\" class=\"wp-block-file__button wp-element-button\" download aria-describedby=\"wp-block-file--media-6c89a0cb-1fff-40c1-926f-f2785911fce6\">\u0130ndir<\/a><\/div>\n\n\n\n<div class=\"wp-block-file\"><a id=\"wp-block-file--media-fb93de5f-979f-471c-84dc-acb5ecdfe470\" href=\"http:\/\/reallinecert.com\/wp-content\/uploads\/2026\/01\/MG-FR-011_0_MUAYENE-GOZETIM-BASVURU-FORMU.doc\">MG-FR-011_0_MUAYENE G\u00d6ZET\u0130M BA\u015eVURU FORMU<\/a><a href=\"http:\/\/reallinecert.com\/wp-content\/uploads\/2026\/01\/MG-FR-011_0_MUAYENE-GOZETIM-BASVURU-FORMU.doc\" class=\"wp-block-file__button wp-element-button\" download aria-describedby=\"wp-block-file--media-fb93de5f-979f-471c-84dc-acb5ecdfe470\">\u0130ndir<\/a><\/div>\n\n\n\n<div class=\"wp-block-file\"><a id=\"wp-block-file--media-cd2820f1-13c2-40ff-acb8-cbf0b8ec4072\" href=\"http:\/\/reallinecert.com\/wp-content\/uploads\/2025\/10\/UB-FR-003_0_AYNIYET-BEYANI-FORMU.doc\">UB-FR-003_0_AYN\u0130YET BEYANI FORMU<\/a><a href=\"http:\/\/reallinecert.com\/wp-content\/uploads\/2025\/10\/UB-FR-003_0_AYNIYET-BEYANI-FORMU.doc\" class=\"wp-block-file__button wp-element-button\" download aria-describedby=\"wp-block-file--media-cd2820f1-13c2-40ff-acb8-cbf0b8ec4072\">\u0130ndir<\/a><\/div>\n\n\n\n<div class=\"wp-block-file\"><a id=\"wp-block-file--media-99af4c13-0227-45e4-b078-1b140a48316e\" href=\"http:\/\/reallinecert.com\/wp-content\/uploads\/2026\/01\/UB-RH-001_0-ASGARI-KALITE-YONETIM-SISTEMI-SARTLARI.pdf\">UB-RH-001_0 ASGAR\u0130 KAL\u0130TE Y\u00d6NET\u0130M S\u0130STEM\u0130 \u015eARTLARI<\/a><a href=\"http:\/\/reallinecert.com\/wp-content\/uploads\/2026\/01\/UB-RH-001_0-ASGARI-KALITE-YONETIM-SISTEMI-SARTLARI.pdf\" class=\"wp-block-file__button wp-element-button\" download aria-describedby=\"wp-block-file--media-99af4c13-0227-45e4-b078-1b140a48316e\">\u0130ndir<\/a><\/div>\n\n\n\n<div class=\"wp-block-file\"><a id=\"wp-block-file--media-735d3eb2-7878-4af7-b7a1-7cd1827bd25a\" href=\"http:\/\/reallinecert.com\/wp-content\/uploads\/2026\/01\/UB-RH-002_0_URUN-BELGELENDIRME-BASVURU-REHBERI.pdf\">UB-RH-002_0_\u00dcR\u00dcN BELGELEND\u0130RME BA\u015eVURU REHBER\u0130<\/a><a href=\"http:\/\/reallinecert.com\/wp-content\/uploads\/2026\/01\/UB-RH-002_0_URUN-BELGELENDIRME-BASVURU-REHBERI.pdf\" class=\"wp-block-file__button wp-element-button\" download aria-describedby=\"wp-block-file--media-735d3eb2-7878-4af7-b7a1-7cd1827bd25a\">\u0130ndir<\/a><\/div>\n\n\n\n<div class=\"wp-block-file\"><a id=\"wp-block-file--media-14e067ee-bdd1-414b-b6ac-e4a6eaff6ed0\" href=\"http:\/\/reallinecert.com\/wp-content\/uploads\/2025\/10\/RLC-FR-031_0_MUSTERI_MEMNUNIYETI_ANKET_FORMU.doc\">RLC-FR-031_0_MUSTERI_MEMNUNIYETI_ANKET_FORMU<\/a><a href=\"http:\/\/reallinecert.com\/wp-content\/uploads\/2025\/10\/RLC-FR-031_0_MUSTERI_MEMNUNIYETI_ANKET_FORMU.doc\" class=\"wp-block-file__button wp-element-button\" download aria-describedby=\"wp-block-file--media-14e067ee-bdd1-414b-b6ac-e4a6eaff6ed0\">\u0130ndir<\/a><\/div>\n\n\n\n<div class=\"wp-block-file\"><a id=\"wp-block-file--media-7366a7b1-f7e1-4b41-8c7f-c5765a2e383e\" href=\"http:\/\/reallinecert.com\/wp-content\/uploads\/2026\/01\/RLC-PR-009_0-ITIRAZ-SIKAYET-VE-UYUSMAZLIK-DEGERLENDIRME-PROSEDURU.pdf\">RLC-PR-009_0 \u0130T\u0130RAZ \u015e\u0130K\u00c2YET VE UYU\u015eMAZLIK DE\u011eERLEND\u0130RME PROSED\u00dcR\u00dc<\/a><a href=\"http:\/\/reallinecert.com\/wp-content\/uploads\/2026\/01\/RLC-PR-009_0-ITIRAZ-SIKAYET-VE-UYUSMAZLIK-DEGERLENDIRME-PROSEDURU.pdf\" class=\"wp-block-file__button wp-element-button\" download aria-describedby=\"wp-block-file--media-7366a7b1-f7e1-4b41-8c7f-c5765a2e383e\">\u0130ndir<\/a><\/div>\n\n\n\n<div class=\"wp-block-file\"><a id=\"wp-block-file--media-2e13a266-295a-4be7-bdf6-f183f6e556d6\" href=\"http:\/\/reallinecert.com\/wp-content\/uploads\/2025\/10\/RLC-THT-004_0_6698_SAYILI_KISISEL_VERILERIN_KORUNMASI_HAKKINDA_KANUN_A_ILISKIN_TAAHHUTNAME.pdf\">RLC-THT-004_0_6698_SAYILI_KISISEL_VERILERIN_KORUNMASI_HAKKINDA_KANUN_A_ILISKIN_TAAHHUTNAME<\/a><a href=\"http:\/\/reallinecert.com\/wp-content\/uploads\/2025\/10\/RLC-THT-004_0_6698_SAYILI_KISISEL_VERILERIN_KORUNMASI_HAKKINDA_KANUN_A_ILISKIN_TAAHHUTNAME.pdf\" class=\"wp-block-file__button wp-element-button\" download aria-describedby=\"wp-block-file--media-2e13a266-295a-4be7-bdf6-f183f6e556d6\">\u0130ndir<\/a><\/div>\n\n\n\n<p>Real Line Certification Firmas\u0131nda Belgeli Olan Firmalar\u0131n Belge Kontrolleri i\u00e7in Firmam\u0131z ile irtibata ge\u00e7ebilirsiniz<\/p>\n\n\n\n<p><\/p>\n","protected":false},"excerpt":{"rendered":"<p>Real Line Certification Firmas\u0131nda Belgeli Olan Firmalar\u0131n Belge Kontrolleri i\u00e7in Firmam\u0131z ile irtibata ge\u00e7ebilirsiniz<\/p>\n","protected":false},"author":1,"featured_media":0,"parent":0,"menu_order":0,"comment_status":"closed","ping_status":"closed","template":"","meta":{"footnotes":""},"class_list":["post-1134","page","type-page","status-publish","hentry"],"_links":{"self":[{"href":"http:\/\/reallinecert.com\/index.php\/wp-json\/wp\/v2\/pages\/1134","targetHints":{"allow":["GET"]}}],"collection":[{"href":"http:\/\/reallinecert.com\/index.php\/wp-json\/wp\/v2\/pages"}],"about":[{"href":"http:\/\/reallinecert.com\/index.php\/wp-json\/wp\/v2\/types\/page"}],"author":[{"embeddable":true,"href":"http:\/\/reallinecert.com\/index.php\/wp-json\/wp\/v2\/users\/1"}],"replies":[{"embeddable":true,"href":"http:\/\/reallinecert.com\/index.php\/wp-json\/wp\/v2\/comments?post=1134"}],"version-history":[{"count":19,"href":"http:\/\/reallinecert.com\/index.php\/wp-json\/wp\/v2\/pages\/1134\/revisions"}],"predecessor-version":[{"id":1444,"href":"http:\/\/reallinecert.com\/index.php\/wp-json\/wp\/v2\/pages\/1134\/revisions\/1444"}],"wp:attachment":[{"href":"http:\/\/reallinecert.com\/index.php\/wp-json\/wp\/v2\/media?parent=1134"}],"curies":[{"name":"wp","href":"https:\/\/api.w.org\/{rel}","templated":true}]}}