{"id":1104,"date":"2025-09-21T23:43:05","date_gmt":"2025-09-21T20:43:05","guid":{"rendered":"http:\/\/reallinecert.com\/?page_id=1104"},"modified":"2026-01-29T10:14:53","modified_gmt":"2026-01-29T07:14:53","slug":"belgelendirme","status":"publish","type":"page","link":"http:\/\/reallinecert.com\/index.php\/belgelendirme\/","title":{"rendered":"Belgelendirme"},"content":{"rendered":"\n<p>Belgelendirme Programlar\u0131m\u0131z, Y\u00f6nergeler ve Usul ve Esaslar temini i\u00e7in Firmam\u0131zla irtibata ge\u00e7ebilirsiniz<\/p>\n\n\n\n<p>RLC-BP-001_0_OYUN ALANI_ MACERA GRUBU BELGELENDIRME_PROGRAMI<\/p>\n\n\n\n<p>RLC-BP-002_0_KENT_ EK\u0130PMANLARI_BELGELENDIRME_PROGRAMI<\/p>\n\n\n\n<p>BM-YNG-001_0_\u00dcR\u00dcN BELGELEND\u0130RME USUL VE ESASLARI<\/p>\n\n\n\n<p>BM-YNG-002 <em>0<\/em> BELGELEND\u0130RME Y\u00d6NERGES\u0130<\/p>\n\n\n\n<p>BM-YNG-003_0_BELGELENDIRME_M\u00dcD\u00dcRL\u00dc\u011e\u00dc_UCRET_YONERGESI<\/p>\n\n\n\n<p>BM-YNG-004_0_BELGELENDIRME_M\u00dcD\u00dcRL\u00dc\u011e\u00dc_UCRET_TARIFESI<\/p>\n\n\n\n<p>MG-YNG-001_0_MUAYENE_GOZETIM_HIZMETLERI_YONERGESI<\/p>\n\n\n\n<p>MG-YNG-002_0_MUAYENE_GOZETIM_UCRET_TARIFESI<\/p>\n","protected":false},"excerpt":{"rendered":"<p>Belgelendirme Programlar\u0131m\u0131z, Y\u00f6nergeler ve Usul ve Esaslar temini i\u00e7in Firmam\u0131zla irtibata ge\u00e7ebilirsiniz RLC-BP-001_0_OYUN ALANI_ MACERA GRUBU BELGELENDIRME_PROGRAMI RLC-BP-002_0_KENT_ EK\u0130PMANLARI_BELGELENDIRME_PROGRAMI BM-YNG-001_0_\u00dcR\u00dcN BELGELEND\u0130RME USUL VE ESASLARI BM-YNG-002 0 BELGELEND\u0130RME Y\u00d6NERGES\u0130 BM-YNG-003_0_BELGELENDIRME_M\u00dcD\u00dcRL\u00dc\u011e\u00dc_UCRET_YONERGESI BM-YNG-004_0_BELGELENDIRME_M\u00dcD\u00dcRL\u00dc\u011e\u00dc_UCRET_TARIFESI MG-YNG-001_0_MUAYENE_GOZETIM_HIZMETLERI_YONERGESI MG-YNG-002_0_MUAYENE_GOZETIM_UCRET_TARIFESI<\/p>\n","protected":false},"author":1,"featured_media":0,"parent":0,"menu_order":0,"comment_status":"closed","ping_status":"closed","template":"","meta":{"footnotes":""},"class_list":["post-1104","page","type-page","status-publish","hentry"],"_links":{"self":[{"href":"http:\/\/reallinecert.com\/index.php\/wp-json\/wp\/v2\/pages\/1104","targetHints":{"allow":["GET"]}}],"collection":[{"href":"http:\/\/reallinecert.com\/index.php\/wp-json\/wp\/v2\/pages"}],"about":[{"href":"http:\/\/reallinecert.com\/index.php\/wp-json\/wp\/v2\/types\/page"}],"author":[{"embeddable":true,"href":"http:\/\/reallinecert.com\/index.php\/wp-json\/wp\/v2\/users\/1"}],"replies":[{"embeddable":true,"href":"http:\/\/reallinecert.com\/index.php\/wp-json\/wp\/v2\/comments?post=1104"}],"version-history":[{"count":3,"href":"http:\/\/reallinecert.com\/index.php\/wp-json\/wp\/v2\/pages\/1104\/revisions"}],"predecessor-version":[{"id":1438,"href":"http:\/\/reallinecert.com\/index.php\/wp-json\/wp\/v2\/pages\/1104\/revisions\/1438"}],"wp:attachment":[{"href":"http:\/\/reallinecert.com\/index.php\/wp-json\/wp\/v2\/media?parent=1104"}],"curies":[{"name":"wp","href":"https:\/\/api.w.org\/{rel}","templated":true}]}}