{"id":1098,"date":"2025-09-21T23:41:40","date_gmt":"2025-09-21T20:41:40","guid":{"rendered":"http:\/\/reallinecert.com\/?page_id=1098"},"modified":"2025-12-31T12:54:21","modified_gmt":"2025-12-31T09:54:21","slug":"macera-grubu","status":"publish","type":"page","link":"http:\/\/reallinecert.com\/index.php\/macera-grubu\/","title":{"rendered":"Macera Grubu"},"content":{"rendered":"\n<figure class=\"wp-block-table\"><table class=\"has-fixed-layout\"><tbody><tr><td>TS EN 15567-1+A1\/Mart 2020 \u2013&nbsp; Spor ve dinlenme tesisleri &#8211; Halat k\u0131lavuzlar\u0131 &#8211; B\u00f6l\u00fcm 1: Yap\u0131m ve g\u00fcvenlik kurallar\u0131<\/td><\/tr><\/tbody><\/table><\/figure>\n\n\n\n<figure class=\"wp-block-image size-large\"><img loading=\"lazy\" decoding=\"async\" width=\"633\" height=\"292\" src=\"http:\/\/reallinecert.com\/wp-content\/uploads\/2025\/12\/image-17.png\" alt=\"\" class=\"wp-image-1356\" srcset=\"http:\/\/reallinecert.com\/wp-content\/uploads\/2025\/12\/image-17.png 633w, http:\/\/reallinecert.com\/wp-content\/uploads\/2025\/12\/image-17-300x138.png 300w, http:\/\/reallinecert.com\/wp-content\/uploads\/2025\/12\/image-17-600x277.png 600w\" sizes=\"auto, (max-width: 633px) 100vw, 633px\" \/><\/figure>\n\n\n\n<figure class=\"wp-block-gallery has-nested-images columns-default is-cropped wp-block-gallery-1 is-layout-flex wp-block-gallery-is-layout-flex\">\n<figure class=\"wp-block-image size-large\"><img loading=\"lazy\" decoding=\"async\" width=\"787\" height=\"591\" data-id=\"1353\" src=\"http:\/\/reallinecert.com\/wp-content\/uploads\/2025\/12\/image-14.png\" alt=\"\" class=\"wp-image-1353\" srcset=\"http:\/\/reallinecert.com\/wp-content\/uploads\/2025\/12\/image-14.png 787w, http:\/\/reallinecert.com\/wp-content\/uploads\/2025\/12\/image-14-300x225.png 300w, http:\/\/reallinecert.com\/wp-content\/uploads\/2025\/12\/image-14-768x577.png 768w, http:\/\/reallinecert.com\/wp-content\/uploads\/2025\/12\/image-14-600x451.png 600w\" sizes=\"auto, (max-width: 787px) 100vw, 787px\" \/><\/figure>\n<\/figure>\n\n\n\n<figure class=\"wp-block-gallery has-nested-images columns-default is-cropped wp-block-gallery-2 is-layout-flex wp-block-gallery-is-layout-flex\">\n<figure class=\"wp-block-image size-large\"><img loading=\"lazy\" decoding=\"async\" width=\"787\" height=\"591\" data-id=\"1354\" src=\"http:\/\/reallinecert.com\/wp-content\/uploads\/2025\/12\/image-15.png\" alt=\"\" class=\"wp-image-1354\" srcset=\"http:\/\/reallinecert.com\/wp-content\/uploads\/2025\/12\/image-15.png 787w, http:\/\/reallinecert.com\/wp-content\/uploads\/2025\/12\/image-15-300x225.png 300w, http:\/\/reallinecert.com\/wp-content\/uploads\/2025\/12\/image-15-768x577.png 768w, http:\/\/reallinecert.com\/wp-content\/uploads\/2025\/12\/image-15-600x451.png 600w\" sizes=\"auto, (max-width: 787px) 100vw, 787px\" \/><\/figure>\n<\/figure>\n\n\n\n<figure class=\"wp-block-gallery has-nested-images columns-default is-cropped wp-block-gallery-3 is-layout-flex wp-block-gallery-is-layout-flex\">\n<figure class=\"wp-block-image size-large\"><img loading=\"lazy\" decoding=\"async\" width=\"945\" height=\"709\" data-id=\"1355\" src=\"http:\/\/reallinecert.com\/wp-content\/uploads\/2025\/12\/image-16.png\" alt=\"\" class=\"wp-image-1355\" srcset=\"http:\/\/reallinecert.com\/wp-content\/uploads\/2025\/12\/image-16.png 945w, http:\/\/reallinecert.com\/wp-content\/uploads\/2025\/12\/image-16-300x225.png 300w, http:\/\/reallinecert.com\/wp-content\/uploads\/2025\/12\/image-16-768x576.png 768w, http:\/\/reallinecert.com\/wp-content\/uploads\/2025\/12\/image-16-600x450.png 600w\" sizes=\"auto, (max-width: 945px) 100vw, 945px\" \/><\/figure>\n<\/figure>\n","protected":false},"excerpt":{"rendered":"<p>TS EN 15567-1+A1\/Mart 2020 \u2013&nbsp; Spor ve dinlenme tesisleri &#8211; Halat k\u0131lavuzlar\u0131 &#8211; B\u00f6l\u00fcm 1: Yap\u0131m ve g\u00fcvenlik kurallar\u0131<\/p>\n","protected":false},"author":1,"featured_media":0,"parent":0,"menu_order":0,"comment_status":"closed","ping_status":"closed","template":"","meta":{"footnotes":""},"class_list":["post-1098","page","type-page","status-publish","hentry"],"_links":{"self":[{"href":"http:\/\/reallinecert.com\/index.php\/wp-json\/wp\/v2\/pages\/1098","targetHints":{"allow":["GET"]}}],"collection":[{"href":"http:\/\/reallinecert.com\/index.php\/wp-json\/wp\/v2\/pages"}],"about":[{"href":"http:\/\/reallinecert.com\/index.php\/wp-json\/wp\/v2\/types\/page"}],"author":[{"embeddable":true,"href":"http:\/\/reallinecert.com\/index.php\/wp-json\/wp\/v2\/users\/1"}],"replies":[{"embeddable":true,"href":"http:\/\/reallinecert.com\/index.php\/wp-json\/wp\/v2\/comments?post=1098"}],"version-history":[{"count":2,"href":"http:\/\/reallinecert.com\/index.php\/wp-json\/wp\/v2\/pages\/1098\/revisions"}],"predecessor-version":[{"id":1357,"href":"http:\/\/reallinecert.com\/index.php\/wp-json\/wp\/v2\/pages\/1098\/revisions\/1357"}],"wp:attachment":[{"href":"http:\/\/reallinecert.com\/index.php\/wp-json\/wp\/v2\/media?parent=1098"}],"curies":[{"name":"wp","href":"https:\/\/api.w.org\/{rel}","templated":true}]}}