{"id":1096,"date":"2025-09-21T23:41:23","date_gmt":"2025-09-21T20:41:23","guid":{"rendered":"http:\/\/reallinecert.com\/?page_id=1096"},"modified":"2025-12-31T13:00:06","modified_gmt":"2025-12-31T10:00:06","slug":"dis-mekan-kondisyon","status":"publish","type":"page","link":"http:\/\/reallinecert.com\/index.php\/dis-mekan-kondisyon\/","title":{"rendered":"D\u0131\u015f Mekan Kondisyon"},"content":{"rendered":"\n<p>TS EN 16630 Ekim 2015 Sabit olarak kurulmu\u015f a\u00e7\u0131k hava egzersiz ekipmanlar\u0131 \u2013 G\u00fcvenlik gereklilikleri ve test metotlar\u0131<\/p>\n\n\n\n<figure class=\"wp-block-image size-large\"><img loading=\"lazy\" decoding=\"async\" width=\"1024\" height=\"768\" src=\"http:\/\/reallinecert.com\/wp-content\/uploads\/2025\/12\/978ba43e-e0ae-4aa1-8375-de0d275cf5f2-1024x768.jpg\" alt=\"\" class=\"wp-image-1359\" srcset=\"http:\/\/reallinecert.com\/wp-content\/uploads\/2025\/12\/978ba43e-e0ae-4aa1-8375-de0d275cf5f2-1024x768.jpg 1024w, http:\/\/reallinecert.com\/wp-content\/uploads\/2025\/12\/978ba43e-e0ae-4aa1-8375-de0d275cf5f2-300x225.jpg 300w, http:\/\/reallinecert.com\/wp-content\/uploads\/2025\/12\/978ba43e-e0ae-4aa1-8375-de0d275cf5f2-768x576.jpg 768w, http:\/\/reallinecert.com\/wp-content\/uploads\/2025\/12\/978ba43e-e0ae-4aa1-8375-de0d275cf5f2-600x450.jpg 600w, http:\/\/reallinecert.com\/wp-content\/uploads\/2025\/12\/978ba43e-e0ae-4aa1-8375-de0d275cf5f2.jpg 1280w\" sizes=\"auto, (max-width: 1024px) 100vw, 1024px\" \/><\/figure>\n\n\n\n<figure class=\"wp-block-image size-large\"><img loading=\"lazy\" decoding=\"async\" width=\"768\" height=\"1024\" src=\"http:\/\/reallinecert.com\/wp-content\/uploads\/2025\/12\/IMG_0093-768x1024.jpg\" alt=\"\" class=\"wp-image-1360\" srcset=\"http:\/\/reallinecert.com\/wp-content\/uploads\/2025\/12\/IMG_0093-768x1024.jpg 768w, http:\/\/reallinecert.com\/wp-content\/uploads\/2025\/12\/IMG_0093-225x300.jpg 225w, http:\/\/reallinecert.com\/wp-content\/uploads\/2025\/12\/IMG_0093-1152x1536.jpg 1152w, http:\/\/reallinecert.com\/wp-content\/uploads\/2025\/12\/IMG_0093-1536x2048.jpg 1536w, http:\/\/reallinecert.com\/wp-content\/uploads\/2025\/12\/IMG_0093-600x800.jpg 600w, http:\/\/reallinecert.com\/wp-content\/uploads\/2025\/12\/IMG_0093-scaled.jpg 1920w\" sizes=\"auto, (max-width: 768px) 100vw, 768px\" \/><\/figure>\n\n\n\n<figure class=\"wp-block-image size-large\"><img loading=\"lazy\" decoding=\"async\" width=\"768\" height=\"1024\" src=\"http:\/\/reallinecert.com\/wp-content\/uploads\/2025\/12\/IMG_0096-768x1024.jpg\" alt=\"\" class=\"wp-image-1361\" srcset=\"http:\/\/reallinecert.com\/wp-content\/uploads\/2025\/12\/IMG_0096-768x1024.jpg 768w, http:\/\/reallinecert.com\/wp-content\/uploads\/2025\/12\/IMG_0096-225x300.jpg 225w, http:\/\/reallinecert.com\/wp-content\/uploads\/2025\/12\/IMG_0096-1152x1536.jpg 1152w, http:\/\/reallinecert.com\/wp-content\/uploads\/2025\/12\/IMG_0096-1536x2048.jpg 1536w, http:\/\/reallinecert.com\/wp-content\/uploads\/2025\/12\/IMG_0096-600x800.jpg 600w, http:\/\/reallinecert.com\/wp-content\/uploads\/2025\/12\/IMG_0096-scaled.jpg 1920w\" sizes=\"auto, (max-width: 768px) 100vw, 768px\" \/><\/figure>\n\n\n\n<figure class=\"wp-block-image size-large\"><img loading=\"lazy\" decoding=\"async\" width=\"768\" height=\"1024\" src=\"http:\/\/reallinecert.com\/wp-content\/uploads\/2025\/12\/IMG_0019-768x1024.jpg\" alt=\"\" class=\"wp-image-1362\" srcset=\"http:\/\/reallinecert.com\/wp-content\/uploads\/2025\/12\/IMG_0019-768x1024.jpg 768w, http:\/\/reallinecert.com\/wp-content\/uploads\/2025\/12\/IMG_0019-225x300.jpg 225w, http:\/\/reallinecert.com\/wp-content\/uploads\/2025\/12\/IMG_0019-1152x1536.jpg 1152w, http:\/\/reallinecert.com\/wp-content\/uploads\/2025\/12\/IMG_0019-1536x2048.jpg 1536w, http:\/\/reallinecert.com\/wp-content\/uploads\/2025\/12\/IMG_0019-600x800.jpg 600w, http:\/\/reallinecert.com\/wp-content\/uploads\/2025\/12\/IMG_0019-scaled.jpg 1920w\" sizes=\"auto, (max-width: 768px) 100vw, 768px\" \/><\/figure>\n\n\n\n<figure class=\"wp-block-image size-large\"><img loading=\"lazy\" decoding=\"async\" width=\"768\" height=\"1024\" src=\"http:\/\/reallinecert.com\/wp-content\/uploads\/2025\/12\/IMG_0030-768x1024.jpg\" alt=\"\" class=\"wp-image-1363\" srcset=\"http:\/\/reallinecert.com\/wp-content\/uploads\/2025\/12\/IMG_0030-768x1024.jpg 768w, http:\/\/reallinecert.com\/wp-content\/uploads\/2025\/12\/IMG_0030-225x300.jpg 225w, http:\/\/reallinecert.com\/wp-content\/uploads\/2025\/12\/IMG_0030-1152x1536.jpg 1152w, http:\/\/reallinecert.com\/wp-content\/uploads\/2025\/12\/IMG_0030-1536x2048.jpg 1536w, http:\/\/reallinecert.com\/wp-content\/uploads\/2025\/12\/IMG_0030-600x800.jpg 600w, http:\/\/reallinecert.com\/wp-content\/uploads\/2025\/12\/IMG_0030-scaled.jpg 1920w\" sizes=\"auto, (max-width: 768px) 100vw, 768px\" \/><\/figure>\n","protected":false},"excerpt":{"rendered":"<p>TS EN 16630 Ekim 2015 Sabit olarak kurulmu\u015f a\u00e7\u0131k hava egzersiz ekipmanlar\u0131 \u2013 G\u00fcvenlik gereklilikleri ve test metotlar\u0131<\/p>\n","protected":false},"author":1,"featured_media":0,"parent":0,"menu_order":0,"comment_status":"closed","ping_status":"closed","template":"","meta":{"footnotes":""},"class_list":["post-1096","page","type-page","status-publish","hentry"],"_links":{"self":[{"href":"http:\/\/reallinecert.com\/index.php\/wp-json\/wp\/v2\/pages\/1096","targetHints":{"allow":["GET"]}}],"collection":[{"href":"http:\/\/reallinecert.com\/index.php\/wp-json\/wp\/v2\/pages"}],"about":[{"href":"http:\/\/reallinecert.com\/index.php\/wp-json\/wp\/v2\/types\/page"}],"author":[{"embeddable":true,"href":"http:\/\/reallinecert.com\/index.php\/wp-json\/wp\/v2\/users\/1"}],"replies":[{"embeddable":true,"href":"http:\/\/reallinecert.com\/index.php\/wp-json\/wp\/v2\/comments?post=1096"}],"version-history":[{"count":2,"href":"http:\/\/reallinecert.com\/index.php\/wp-json\/wp\/v2\/pages\/1096\/revisions"}],"predecessor-version":[{"id":1364,"href":"http:\/\/reallinecert.com\/index.php\/wp-json\/wp\/v2\/pages\/1096\/revisions\/1364"}],"wp:attachment":[{"href":"http:\/\/reallinecert.com\/index.php\/wp-json\/wp\/v2\/media?parent=1096"}],"curies":[{"name":"wp","href":"https:\/\/api.w.org\/{rel}","templated":true}]}}