{"id":1090,"date":"2025-09-21T23:40:07","date_gmt":"2025-09-21T20:40:07","guid":{"rendered":"http:\/\/reallinecert.com\/?page_id=1090"},"modified":"2025-09-22T00:11:17","modified_gmt":"2025-09-21T21:11:17","slug":"urun-belgelendirme","status":"publish","type":"page","link":"http:\/\/reallinecert.com\/index.php\/urun-belgelendirme\/","title":{"rendered":"\u00dcr\u00fcn Belgelendirme"},"content":{"rendered":"<section class=\"wpb-content-wrapper\"><p>[vc_row][vc_column][vc_column_text]<\/p>\n<p class=\"p1\"><b>\u00dcr\u00fcn Belgelendirme Nedir ve Nas\u0131l Yap\u0131l\u0131r?<\/b><\/p>\n<p class=\"p2\">\u00dcr\u00fcn Belgelendirme, Real Line Certification taraf\u0131ndan firmalara verilen bir belgedir. Bu belgelendirme ile Firmalar, kurum ve kurulu\u015flar <b>RLC<\/b> markas\u0131n\u0131 kullanma hakk\u0131n\u0131 kazan\u0131rlar. Bu s\u00fcre\u00e7te de\u011ferlendirme ve belgelendirme ile ilgili Uluslararas\u0131, ulusal standardlar ve kalite kriterleri \u015fartlar\u0131n\u0131 sa\u011flayan kurulu\u015flara verilen belgedir.<\/p>\n<p class=\"p2\">Bu s\u00fcrece ba\u015fvuru yapan Firmalar, kurum ve kurulu\u015flar <b>Real Line Certification<\/b> \u00fcr\u00fcn belgelendirme ba\u015fvuru formu nu doldurarak ba\u015fvuru yapabilirler. Ba\u015fvuru \u00f6ncesinde Firmalar, kurum ve kurulu\u015flar belgelendirmeleri ile ilgili alanda gerekli kontrolleri ve kalite kriterlerini sa\u011flayan sistemleri kurmas\u0131 gerekir.<\/p>\n<p class=\"p2\">\u00dcr\u00fcn Belgelendirme Nedir?<\/p>\n<p class=\"p2\">Real Line Certification \u00dcr\u00fcn Belgelendirme Y\u00f6nergesi ,ba\u015fvuru s\u00fcreci i\u00e7erisinde firmalar\u0131 izlemesi gereken yollar\u0131 anlatmaktad\u0131r. \u00dcr\u00fcn Belgelendirme i\u015flemine ba\u015flamak i\u00e7in;<\/p>\n<p class=\"p2\">\u2022 Ba\u015fvuru formu<\/p>\n<p class=\"p2\">\u2022 \u0130dari Dok\u00fcmanlar<\/p>\n<p class=\"p2\">\u2022 Ba\u015fvuru Sahibinin Yasal Durumunu G\u00f6steren ResmiBelge<\/p>\n<p class=\"p2\">\u2022 Ba\u015fvuru Yapan Kurulu\u015fu Temsil Eden Ki\u015finin \u0130mza Sirk\u00fcleri<\/p>\n<p class=\"p2\">\u2022 Marka Tescil Belgesi<\/p>\n<p class=\"p2\">\u2022 \u00dcreticinin \u00dclke D\u0131\u015f\u0131nda Olmas\u0131 Durumunda Yasal Temsilci\/\u0130thalat\u00e7\u0131 Oldu\u011funu G\u00f6steren Belge gereklidir.<\/p>\n<p class=\"p2\">Bu belgelerin Real Line Certification yetkililerine g\u00f6nderilmesiyle ba\u015fvuru s\u00fcreci ba\u015flar. Ba\u015fvuru s\u0131ras\u0131nda belgelerde eksik olmas\u0131 durumunda ba\u015fvuran taraf\u0131n bu eksiklikleri tamamlamak i\u00e7in alt\u0131 ay s\u00fcresi bulunur Real LineCertification \u00dcr\u00fcn Belgelendirme Usul ve Esaslar\u0131 , yap\u0131lan ba\u015fvurunun de\u011ferlendirmesinde kullan\u0131lan temel belgedir.<\/p>\n<p class=\"p2\">\u00dcr\u00fcn Belgelendirme Nas\u0131l Yap\u0131l\u0131r?<\/p>\n<p class=\"p2\">Belgelendirmenin yap\u0131lmas\u0131 i\u00e7in belirli standartlara uygunluk ve testlerin yap\u0131lmas\u0131 gerekir. Yap\u0131lan testler kriterlere g\u00f6re de\u011fi\u015fiklik g\u00f6sterir ve her ad\u0131m birbirinden farkl\u0131d\u0131r. Bu sebeple yap\u0131lacak t\u00fcm i\u015flemler alan\u0131nda uzman personel taraf\u0131ndan belgelendirme plan\u0131 ya da belgelendirme f\u00f6y\u00fc ile kaleme al\u0131n\u0131r. \u0130\u015flemlerin tamam\u0131 bu belgelendirmelere g\u00f6re yap\u0131l\u0131r.<\/p>\n<p class=\"p2\">Yar\u0131 mamul veya son \u00fcr\u00fcn belgelendirmesi durumunda, ba\u015fvuru yapan \u015firketin bu \u00fcr\u00fcnleri TURKAK\/ILAC taraf\u0131ndan akredite edilmi\u015f laboratuvarlarda test ettirmesi gerekir. \u00dcretim yeri belgelendirmesinde, numuneler \u00fcretim yerinden al\u0131narak test edilir.<\/p>\n<p class=\"p2\">\u00dcr\u00fcn belgelendirme s\u00fcresi , yap\u0131lan testler ve muayenelerin ard\u0131ndan belgelendirme f\u00f6y\u00fc \u00fczerine yaz\u0131l\u0131r. \u015eirketlerin bu s\u00fcreyi takip ederek s\u00fcre dolmadan yeninden belgelendirme ba\u015fvurusu yapmas\u0131 gerekir.<\/p>\n<p class=\"p2\">Mehmet ARSLAN<\/p>\n<p class=\"p2\">GENEL M\u00dcD\u00dcR<\/p>\n<p>[\/vc_column_text][\/vc_column][\/vc_row]<\/p>\n<\/section>","protected":false},"excerpt":{"rendered":"<p>[vc_row][vc_column][vc_column_text] \u00dcr\u00fcn Belgelendirme Nedir ve Nas\u0131l Yap\u0131l\u0131r? \u00dcr\u00fcn Belgelendirme, Real Line Certification taraf\u0131ndan firmalara verilen bir belgedir. Bu belgelendirme ile Firmalar, kurum ve kurulu\u015flar RLC markas\u0131n\u0131 kullanma hakk\u0131n\u0131 kazan\u0131rlar. Bu s\u00fcre\u00e7te de\u011ferlendirme ve belgelendirme ile ilgili Uluslararas\u0131, ulusal standardlar ve kalite kriterleri \u015fartlar\u0131n\u0131 sa\u011flayan kurulu\u015flara verilen belgedir. Bu s\u00fcrece ba\u015fvuru [&hellip;]<\/p>\n","protected":false},"author":1,"featured_media":0,"parent":0,"menu_order":0,"comment_status":"closed","ping_status":"closed","template":"","meta":{"footnotes":""},"class_list":["post-1090","page","type-page","status-publish","hentry"],"_links":{"self":[{"href":"http:\/\/reallinecert.com\/index.php\/wp-json\/wp\/v2\/pages\/1090","targetHints":{"allow":["GET"]}}],"collection":[{"href":"http:\/\/reallinecert.com\/index.php\/wp-json\/wp\/v2\/pages"}],"about":[{"href":"http:\/\/reallinecert.com\/index.php\/wp-json\/wp\/v2\/types\/page"}],"author":[{"embeddable":true,"href":"http:\/\/reallinecert.com\/index.php\/wp-json\/wp\/v2\/users\/1"}],"replies":[{"embeddable":true,"href":"http:\/\/reallinecert.com\/index.php\/wp-json\/wp\/v2\/comments?post=1090"}],"version-history":[{"count":3,"href":"http:\/\/reallinecert.com\/index.php\/wp-json\/wp\/v2\/pages\/1090\/revisions"}],"predecessor-version":[{"id":1126,"href":"http:\/\/reallinecert.com\/index.php\/wp-json\/wp\/v2\/pages\/1090\/revisions\/1126"}],"wp:attachment":[{"href":"http:\/\/reallinecert.com\/index.php\/wp-json\/wp\/v2\/media?parent=1090"}],"curies":[{"name":"wp","href":"https:\/\/api.w.org\/{rel}","templated":true}]}}